{"id":2165,"date":"2023-04-18T12:57:21","date_gmt":"2023-04-18T10:57:21","guid":{"rendered":"https:\/\/depann-assistance.com\/cd\/?page_id=2165"},"modified":"2025-04-23T15:44:21","modified_gmt":"2025-04-23T13:44:21","slug":"mentions-legales","status":"publish","type":"page","link":"https:\/\/depann-assistance.com\/cd\/mentions-legales\/","title":{"rendered":"Mentions l\u00e9gales"},"content":{"rendered":"\t\t<div data-elementor-type=\"wp-page\" data-elementor-id=\"2165\" class=\"elementor elementor-2165\" data-elementor-post-type=\"page\">\n\t\t\t\t<div class=\"elementor-element elementor-element-11af143 e-flex e-con-boxed e-con e-parent\" data-id=\"11af143\" data-element_type=\"container\" data-e-type=\"container\">\n\t\t\t\t\t<div class=\"e-con-inner\">\n\t\t<div class=\"elementor-element elementor-element-045cb5d e-con-full e-flex e-con e-child\" data-id=\"045cb5d\" data-element_type=\"container\" data-e-type=\"container\">\n\t\t\t\t<div class=\"elementor-element elementor-element-cc82a87 elementor-widget elementor-widget-heading\" data-id=\"cc82a87\" data-element_type=\"widget\" data-e-type=\"widget\" data-widget_type=\"heading.default\">\n\t\t\t\t<div class=\"elementor-widget-container\">\n\t\t\t\t\t<h2 class=\"elementor-heading-title elementor-size-default\">Mentions l\u00e9gales<\/h2>\t\t\t\t<\/div>\n\t\t\t\t<\/div>\n\t\t\t\t<div class=\"elementor-element elementor-element-5ee8b52 elementor-widget elementor-widget-text-editor\" data-id=\"5ee8b52\" data-element_type=\"widget\" data-e-type=\"widget\" data-widget_type=\"text-editor.default\">\n\t\t\t\t<div class=\"elementor-widget-container\">\n\t\t\t\t\t\t\t\t\t<p>Le site <strong>depann-assistance.com<\/strong> est \u00e9dit\u00e9 par APS, Soci\u00e9t\u00e9 par actions simplifi\u00e9e.<\/p>\n<p>Si\u00e8ge social<b> :<\/b> 14 rue Esther Cuvier 93260 les lilas,&nbsp;<\/p>\n<p>directeur de la publication : B. Atlan,<\/p>\n<p>registre du commerce<b> :<\/b> Bobigny B 799 993 316.<\/p>\n<p><span style=\"font-family: var( --e-global-typography-text-font-family ), Sans-serif; font-weight: var( --e-global-typography-text-font-weight ); text-align: var(--text-align); font-size: 0.95rem;\">Mail : <\/span><a style=\"font-family: var( --e-global-typography-text-font-family ), Sans-serif; font-weight: var( --e-global-typography-text-font-weight ); text-align: var(--text-align); background-color: #ffffff; font-size: 0.95rem;\" href=\"mailto:contact@atl-diffusion.com\">contact@<\/a>depannage-urgence.fr<\/p>\t\t\t\t\t\t\t\t<\/div>\n\t\t\t\t<\/div>\n\t\t\t\t<div class=\"elementor-element elementor-element-a7f2126 elementor-widget elementor-widget-text-editor\" data-id=\"a7f2126\" data-element_type=\"widget\" data-e-type=\"widget\" data-widget_type=\"text-editor.default\">\n\t\t\t\t<div class=\"elementor-widget-container\">\n\t\t\t\t\t\t\t\t\t<p>H\u00e9bergement :\u00a0Ce site est h\u00e9berg\u00e9 par O2switch, Soci\u00e9t\u00e9 par actions simplifi\u00e9e \u00e0 associ\u00e9 unique dont le si\u00e8ge est situ\u00e9 Chemin des Pardiaux 63000 CLERMONT-FERRAND, immatricul\u00e9e au RCS de Clermont-Ferrand sous le num\u00e9ro 510 909 807.<\/p>\t\t\t\t\t\t\t\t<\/div>\n\t\t\t\t<\/div>\n\t\t\t\t<\/div>\n\t\t\t\t\t<\/div>\n\t\t\t\t<\/div>\n\t\t<div class=\"elementor-element elementor-element-2a359b7 e-flex e-con-boxed e-con e-parent\" data-id=\"2a359b7\" data-element_type=\"container\" data-e-type=\"container\">\n\t\t\t\t\t<div class=\"e-con-inner\">\n\t\t<div class=\"elementor-element elementor-element-5361c89 e-con-full e-flex e-con e-child\" data-id=\"5361c89\" data-element_type=\"container\" data-e-type=\"container\">\n\t\t\t\t<div class=\"elementor-element elementor-element-adf41fa elementor-widget elementor-widget-text-editor\" data-id=\"adf41fa\" data-element_type=\"widget\" data-e-type=\"widget\" data-widget_type=\"text-editor.default\">\n\t\t\t\t<div class=\"elementor-widget-container\">\n\t\t\t\t\t\t\t\t\t<h2>Conditions g\u00e9n\u00e9rales<\/h2>\n<p>&#8211; les frais d\u2019intervention sont de 39\u20ac ht* minimum pour les services pr\u00e9sentant le caract\u00e8re urgent<br>\n(Voir les conditions de la soci\u00e9t\u00e9&nbsp;d\u2019intervention)&nbsp;<br>\n&#8211; Application d&rsquo;un taux de TVA \u00e0 20% pour les professionnels et 10% pour les particuliers<\/p>\t\t\t\t\t\t\t\t<\/div>\n\t\t\t\t<\/div>\n\t\t\t\t<\/div>\n\t\t\t\t\t<\/div>\n\t\t\t\t<\/div>\n\t\t\t\t<\/div>\n\t\t","protected":false},"excerpt":{"rendered":"<p>Mentions l\u00e9gales Le site depann-assistance.com est \u00e9dit\u00e9 par APS, Soci\u00e9t\u00e9 par actions simplifi\u00e9e. Si\u00e8ge social : 14 rue Esther Cuvier 93260 les lilas,&nbsp; directeur de la publication : B. Atlan, registre du commerce : Bobigny B 799 993 316. Mail : contact@depannage-urgence.fr H\u00e9bergement :\u00a0Ce site est h\u00e9berg\u00e9 par O2switch, Soci\u00e9t\u00e9 par actions simplifi\u00e9e \u00e0 associ\u00e9 [&hellip;]<\/p>\n","protected":false},"author":2,"featured_media":0,"parent":0,"menu_order":0,"comment_status":"closed","ping_status":"closed","template":"elementor_header_footer","meta":{"footnotes":""},"class_list":["post-2165","page","type-page","status-publish","hentry"],"_links":{"self":[{"href":"https:\/\/depann-assistance.com\/cd\/wp-json\/wp\/v2\/pages\/2165","targetHints":{"allow":["GET"]}}],"collection":[{"href":"https:\/\/depann-assistance.com\/cd\/wp-json\/wp\/v2\/pages"}],"about":[{"href":"https:\/\/depann-assistance.com\/cd\/wp-json\/wp\/v2\/types\/page"}],"author":[{"embeddable":true,"href":"https:\/\/depann-assistance.com\/cd\/wp-json\/wp\/v2\/users\/2"}],"replies":[{"embeddable":true,"href":"https:\/\/depann-assistance.com\/cd\/wp-json\/wp\/v2\/comments?post=2165"}],"version-history":[{"count":36,"href":"https:\/\/depann-assistance.com\/cd\/wp-json\/wp\/v2\/pages\/2165\/revisions"}],"predecessor-version":[{"id":5268,"href":"https:\/\/depann-assistance.com\/cd\/wp-json\/wp\/v2\/pages\/2165\/revisions\/5268"}],"wp:attachment":[{"href":"https:\/\/depann-assistance.com\/cd\/wp-json\/wp\/v2\/media?parent=2165"}],"curies":[{"name":"wp","href":"https:\/\/api.w.org\/{rel}","templated":true}]}}